{"id":29653,"date":"2022-06-11T12:39:06","date_gmt":"2022-06-11T10:39:06","guid":{"rendered":"https:\/\/www.tendrel.ch\/reisen-pilgerfahrt\/"},"modified":"2023-04-06T15:59:50","modified_gmt":"2023-04-06T13:59:50","slug":"reisen-pilgerfahrt","status":"publish","type":"page","link":"https:\/\/www.tendrel.ch\/de\/programm\/reisen-pilgerfahrt\/","title":{"rendered":"Reisen &#8211; Pilgerfahrt"},"content":{"rendered":"<p>[et_pb_section fb_built=&#8220;1&#8243; admin_label=&#8220;Header&#8220; _builder_version=&#8220;4.16&#8243; _module_preset=&#8220;default&#8220; background_image=&#8220;https:\/\/tendrel.ed-com.ch\/wp-content\/uploads\/2021\/04\/Tendrel-Bienne-Do-Nga-Cho\u0308ling-IMG_0398_1-scaled.jpg&#8220; custom_padding=&#8220;||0px||false|false&#8220; locked=&#8220;off&#8220; global_colors_info=&#8220;{}&#8220;][et_pb_row _builder_version=&#8220;4.16&#8243; _module_preset=&#8220;default&#8220; global_colors_info=&#8220;{}&#8220;][et_pb_column type=&#8220;4_4&#8243; _builder_version=&#8220;4.16&#8243; _module_preset=&#8220;default&#8220; global_colors_info=&#8220;{}&#8220;][et_pb_divider show_divider=&#8220;off&#8220; _builder_version=&#8220;4.16&#8243; _module_preset=&#8220;default&#8220; global_colors_info=&#8220;{}&#8220;][\/et_pb_divider][\/et_pb_column][\/et_pb_row][et_pb_row column_structure=&#8220;1_4,3_4&#8243; _builder_version=&#8220;4.16&#8243; _module_preset=&#8220;default&#8220; custom_margin=&#8220;||||false|false&#8220; custom_padding=&#8220;||0px||false|false&#8220; global_colors_info=&#8220;{}&#8220;][et_pb_column type=&#8220;1_4&#8243; _builder_version=&#8220;4.16&#8243; _module_preset=&#8220;default&#8220; global_colors_info=&#8220;{}&#8220;][\/et_pb_column][et_pb_column type=&#8220;3_4&#8243; _builder_version=&#8220;4.16&#8243; _module_preset=&#8220;default&#8220; global_colors_info=&#8220;{}&#8220;][et_pb_post_title meta=&#8220;off&#8220; featured_image=&#8220;off&#8220; _builder_version=&#8220;4.16&#8243; _module_preset=&#8220;default&#8220; title_text_color=&#8220;#FFFFFF&#8220; background_color=&#8220;#CC9933&#8243; custom_padding=&#8220;50px|50px|50px|50px|true|true&#8220; global_colors_info=&#8220;{}&#8220;][\/et_pb_post_title][\/et_pb_column][\/et_pb_row][\/et_pb_section][et_pb_section fb_built=&#8220;1&#8243; _builder_version=&#8220;4.17.4&#8243; _module_preset=&#8220;default&#8220; custom_padding=&#8220;16px||16px||true|&#8220; global_colors_info=&#8220;{}&#8220;][et_pb_row _builder_version=&#8220;4.17.4&#8243; _module_preset=&#8220;default&#8220; global_colors_info=&#8220;{}&#8220;][et_pb_column type=&#8220;4_4&#8243; _builder_version=&#8220;4.17.4&#8243; _module_preset=&#8220;default&#8220; global_colors_info=&#8220;{}&#8220;][et_pb_text _builder_version=&#8220;4.17.4&#8243; _module_preset=&#8220;default&#8220; global_colors_info=&#8220;{}&#8220;]<\/p>\n<div id=\"cc-m-7846733964\" class=\"j-module n j-header \" style=\"text-align: center;\">\n<div id=\"cc-m-7709929264\" class=\"j-module n j-header \">\n<h2 class=\"\" id=\"cc-m-header-7709929264\">&#8222;A RENCONTRE DE LA R\u00c9INCARNATION DE S.S. KYABJE TRULSHIK RINPOCHE ET DES SAGES DE L&#8217;HIMALAYA&#8220; (DIE BEGEGNUNG MIT DER REINKARNATION VON S.H. KYABJE TRULSHIK RINPOCHE UND DEN WEISEN DES HIMALAYA).<\/h2>\n<\/div>\n<\/div>\n<p>[\/et_pb_text][\/et_pb_column][\/et_pb_row][et_pb_row column_structure=&#8220;2_3,1_3&#8243; _builder_version=&#8220;4.17.4&#8243; _module_preset=&#8220;default&#8220; global_colors_info=&#8220;{}&#8220;][et_pb_column type=&#8220;2_3&#8243; _builder_version=&#8220;4.17.4&#8243; _module_preset=&#8220;default&#8220; global_colors_info=&#8220;{}&#8220;][et_pb_text _builder_version=&#8220;4.17.4&#8243; _module_preset=&#8220;default&#8220; global_colors_info=&#8220;{}&#8220;]<\/p>\n<h3 class=\"\" id=\"cc-m-header-7606446064\">REISE NACH NEPAL :<\/h3>\n<div id=\"cc-m-7686656864\" class=\"j-module n j-textWithImage \">\n<div>\n<div id=\"cc-m-textwithimage-7686656864\" data-name=\"text\" data-action=\"text\" class=\"cc-m-textwithimage-inline-rte\">\n<p>Auf dieser Reise werden wir dem Yangsi von S.H. Kyabje Trulshik Rinpoche, einem Weisen, der f\u00fcr seine gro\u00dfe Verwirklichung bekannt ist, in seinem Kloster in Sitapaila auf den H\u00fcgeln von Kathmandu in Nepal begegnen.<\/p>\n<p>&nbsp;<\/p>\n<\/div>\n<\/div>\n<div class=\"cc-clear\">\n<div id=\"cc-m-7608066564\" class=\"j-module n j-text \">\n<blockquote>\n<p>&#8222;Da Weisheit nicht das Vorrecht einer bestimmten Tradition ist, offenbart sich uns das verk\u00f6rperte Wesen der Weisheit als ein Spiegel unserer Spiritualit\u00e4t.&#8220;<\/p>\n<\/blockquote>\n<p>Abgesehen von diesen au\u00dfergew\u00f6hnlichen Begegnungen werden wir im Kathmandu-Tal hohe spirituelle und heilende Orte besuchen.<\/p>\n<p>  Wir fahren nach Bodhanath mit seiner mythischen Stupa aus dem 14. Jahrhundert, einem Symbol der buddhistischen Tradition. Die mit 108 Nischen mit Buddha-Statuen geschm\u00fcckte Stupa ist das Zentrum des Viertels, in dem die meisten Tibeter leben. Au\u00dferdem besuchen wir das Shechen-Kloster, dessen Abt S.E. Rabjam Rinpoche ist.<\/p>\n<\/div>\n<div id=\"cc-m-7768034464\" class=\"j-module n j-spacing \"><\/div>\n<\/div>\n<\/div>\n<p>[\/et_pb_text][\/et_pb_column][et_pb_column type=&#8220;1_3&#8243; _builder_version=&#8220;4.17.4&#8243; _module_preset=&#8220;default&#8220; global_colors_info=&#8220;{}&#8220;][et_pb_image src=&#8220;https:\/\/www.tendrel.ch\/wp-content\/uploads\/2022\/06\/Tendrel-Bienne-Yanksi.jpeg&#8220; title_text=&#8220;Tendrel Biel &#8211; Yanksi&#8220; _builder_version=&#8220;4.17.4&#8243; _module_preset=&#8220;default&#8220; global_colors_info=&#8220;{}&#8220;][\/et_pb_image][\/et_pb_column][\/et_pb_row][et_pb_row column_structure=&#8220;1_3,2_3&#8243; _builder_version=&#8220;4.17.4&#8243; _module_preset=&#8220;default&#8220; global_colors_info=&#8220;{}&#8220;][et_pb_column type=&#8220;1_3&#8243; _builder_version=&#8220;4.17.4&#8243; _module_preset=&#8220;default&#8220; global_colors_info=&#8220;{}&#8220;][et_pb_image src=&#8220;https:\/\/www.tendrel.ch\/wp-content\/uploads\/2022\/06\/image.jpeg&#8220; title_text=&#8220;image&#8220; _builder_version=&#8220;4.17.4&#8243; _module_preset=&#8220;default&#8220; global_colors_info=&#8220;{}&#8220;][\/et_pb_image][\/et_pb_column][et_pb_column type=&#8220;2_3&#8243; _builder_version=&#8220;4.17.4&#8243; _module_preset=&#8220;default&#8220; global_colors_info=&#8220;{}&#8220;][et_pb_text _builder_version=&#8220;4.17.4&#8243; _module_preset=&#8220;default&#8220; global_colors_info=&#8220;{}&#8220;]<\/p>\n<div id=\"cc-m-7608057764\" class=\"j-module n j-textWithImage \">\n<div>\n<div id=\"cc-m-textwithimage-7608057764\" data-name=\"text\" data-action=\"text\" class=\"cc-m-textwithimage-inline-rte\">\n<p>In Parping besuchen wir die ber\u00fchmte H\u00f6hle, in der der Handabdruck von Padmasambhava, einem ber\u00fchmten Yogi des 8. Jahrhunderts, zu sehen ist. Viele Kl\u00f6ster haben sich an diesem heiligen Ort niedergelassen. Wir werden das Privileg haben, im Kloster von S.E. Dudjom Tenzin Rinpoche willkommen gehei\u00dfen zu werden.<\/p>\n<p>&nbsp;<\/p>\n<\/div>\n<\/div>\n<div class=\"cc-clear\"><\/div>\n<\/div>\n<div id=\"cc-m-7608069264\" class=\"j-module n j-text \">\n<p>F\u00fcr Interessierte planen wir einen 1-2-t\u00e4gigen Ausflug nach Namo Buddha, das auf einem H\u00fcgel 2 Stunden von Kathmandu entfernt liegt. Dieser Ort bietet uns einen herrlichen Blick auf die Bergkette des Himalaya.<\/p>\n<p>Dieses kleine Dorf ist als ber\u00fchmter Ort bekannt. Die Legende besagt, dass Buddha seinen K\u00f6rper einer hungrigen Tigermutter angeboten hat.<\/p>\n<\/div>\n<div id=\"cc-m-7709930364\" class=\"j-module n j-hr \"><\/div>\n<p>[\/et_pb_text][\/et_pb_column][\/et_pb_row][\/et_pb_section]<\/p>\n","protected":false},"excerpt":{"rendered":"<p>&#8222;A RENCONTRE DE LA R\u00c9INCARNATION DE S.S. KYABJE TRULSHIK RINPOCHE ET DES SAGES DE L&#8217;HIMALAYA&#8220; (DIE BEGEGNUNG MIT DER REINKARNATION VON S.H. KYABJE TRULSHIK RINPOCHE UND DEN WEISEN DES HIMALAYA). REISE NACH NEPAL : Auf dieser Reise werden wir dem Yangsi von S.H. Kyabje Trulshik Rinpoche, einem Weisen, der f\u00fcr seine gro\u00dfe Verwirklichung bekannt ist, [&hellip;]<\/p>\n","protected":false},"author":1,"featured_media":0,"parent":29661,"menu_order":0,"comment_status":"closed","ping_status":"closed","template":"","meta":{"_et_pb_use_builder":"on","_et_pb_old_content":"","_et_gb_content_width":"","footnotes":""},"class_list":["post-29653","page","type-page","status-publish","hentry"],"_links":{"self":[{"href":"https:\/\/www.tendrel.ch\/de\/wp-json\/wp\/v2\/pages\/29653","targetHints":{"allow":["GET"]}}],"collection":[{"href":"https:\/\/www.tendrel.ch\/de\/wp-json\/wp\/v2\/pages"}],"about":[{"href":"https:\/\/www.tendrel.ch\/de\/wp-json\/wp\/v2\/types\/page"}],"author":[{"embeddable":true,"href":"https:\/\/www.tendrel.ch\/de\/wp-json\/wp\/v2\/users\/1"}],"replies":[{"embeddable":true,"href":"https:\/\/www.tendrel.ch\/de\/wp-json\/wp\/v2\/comments?post=29653"}],"version-history":[{"count":2,"href":"https:\/\/www.tendrel.ch\/de\/wp-json\/wp\/v2\/pages\/29653\/revisions"}],"predecessor-version":[{"id":29976,"href":"https:\/\/www.tendrel.ch\/de\/wp-json\/wp\/v2\/pages\/29653\/revisions\/29976"}],"up":[{"embeddable":true,"href":"https:\/\/www.tendrel.ch\/de\/wp-json\/wp\/v2\/pages\/29661"}],"wp:attachment":[{"href":"https:\/\/www.tendrel.ch\/de\/wp-json\/wp\/v2\/media?parent=29653"}],"curies":[{"name":"wp","href":"https:\/\/api.w.org\/{rel}","templated":true}]}}