{"id":29687,"date":"2021-10-04T15:04:50","date_gmt":"2021-10-04T13:04:50","guid":{"rendered":"https:\/\/www.tendrel.ch\/ueber\/yangsi-von-kyabje-trulshik-rinpoche\/"},"modified":"2022-09-07T16:49:34","modified_gmt":"2022-09-07T14:49:34","slug":"yangsi-von-kyabje-trulshik-rinpoche","status":"publish","type":"page","link":"https:\/\/www.tendrel.ch\/de\/ueber\/yangsi-von-kyabje-trulshik-rinpoche\/","title":{"rendered":"YANGSI VON KYABJE TRULSHIK RINPOCHE"},"content":{"rendered":"<p>[et_pb_section fb_built=&#8220;1&#8243; admin_label=&#8220;About&#8220; _builder_version=&#8220;4.9.3&#8243; _module_preset=&#8220;default&#8220; background_color=&#8220;rgba(204,153,51,0.14)&#8220; custom_padding=&#8220;||0px|||&#8220; global_colors_info=&#8220;{}&#8220;][et_pb_row _builder_version=&#8220;4.7.5&#8243; _module_preset=&#8220;default&#8220; global_colors_info=&#8220;{}&#8220;][et_pb_column type=&#8220;4_4&#8243; _builder_version=&#8220;4.7.5&#8243; _module_preset=&#8220;default&#8220; global_colors_info=&#8220;{}&#8220;][et_pb_text _builder_version=&#8220;4.11.1&#8243; _module_preset=&#8220;default&#8220; header_font=&#8220;||||||||&#8220; header_text_color=&#8220;#CC9933&#8243; header_font_size=&#8220;42px&#8220; header_line_height=&#8220;1.8em&#8220; background_layout=&#8220;dark&#8220; max_width_last_edited=&#8220;off|desktop&#8220; hover_enabled=&#8220;0&#8243; header_font_size_tablet=&#8220;60px&#8220; header_font_size_phone=&#8220;30px&#8220; header_font_size_last_edited=&#8220;on|phone&#8220; header_line_height_tablet=&#8220;&#8220; header_line_height_phone=&#8220;1.2em&#8220; header_line_height_last_edited=&#8220;on|tablet&#8220; header_3_font_size_tablet=&#8220;22px&#8220; header_3_font_size_phone=&#8220;18px&#8220; header_3_font_size_last_edited=&#8220;on|tablet&#8220; locked=&#8220;off&#8220; global_colors_info=&#8220;{}&#8220; sticky_enabled=&#8220;0&#8243;]<\/p>\n<div id=\"cc-m-7686101264\" class=\"j-module n j-header \">\n<h1 class=\"\" id=\"cc-m-header-7686101264\">Yangsi von Kyabje Trulshik Rinpoche<\/h1>\n<\/div>\n<div id=\"cc-m-8051421764\" class=\"j-module n j-imageSubtitle \"><\/div>\n<p>[\/et_pb_text][et_pb_divider show_divider=&#8220;off&#8220; _builder_version=&#8220;4.9.2&#8243; _module_preset=&#8220;default&#8220; custom_padding=&#8220;53px||||false|false&#8220; global_colors_info=&#8220;{}&#8220;][\/et_pb_divider][\/et_pb_column][\/et_pb_row][et_pb_row column_structure=&#8220;2_5,3_5&#8243; _builder_version=&#8220;4.11.1&#8243; _module_preset=&#8220;default&#8220; global_colors_info=&#8220;{}&#8220;][et_pb_column type=&#8220;2_5&#8243; _builder_version=&#8220;4.7.5&#8243; _module_preset=&#8220;default&#8220; global_colors_info=&#8220;{}&#8220;][et_pb_text _builder_version=&#8220;4.11.1&#8243; _module_preset=&#8220;default&#8220; header_3_line_height=&#8220;1.4em&#8220; custom_margin=&#8220;-90px|||||&#8220; hover_enabled=&#8220;0&#8243; text_font_size_tablet=&#8220;22px&#8220; text_font_size_phone=&#8220;16px&#8220; text_font_size_last_edited=&#8220;on|phone&#8220; text_line_height_tablet=&#8220;&#8220; text_line_height_phone=&#8220;1.8em&#8220; text_line_height_last_edited=&#8220;on|phone&#8220; header_3_font_size_tablet=&#8220;22px&#8220; header_3_font_size_phone=&#8220;18px&#8220; header_3_font_size_last_edited=&#8220;on|tablet&#8220; locked=&#8220;off&#8220; global_colors_info=&#8220;{}&#8220; sticky_enabled=&#8220;0&#8243;]<\/p>\n<div id=\"cc-m-7686663664\" class=\"j-module n j-header \">\n<div id=\"cc-m-7628076664\" class=\"j-module n j-textWithImage \">\n<div>\n<div id=\"cc-m-textwithimage-7628076664\" data-name=\"text\" data-action=\"text\" class=\"cc-m-textwithimage-inline-rte\">\n<p>Seine Heiligkeit der XIV. Dalai Lama hat an seinem 80. Geburtstag in einem am 25. Juli 2013 geborenen Kind die Reinkarnation von Kyabje Trulshik Rinpoche erkannt.<\/p>\n<p>Er gab ihm den Namen &#8222;NGAWANG TENZIN CHOEKYI LODOE RINPOCHE&#8220;.<\/p>\n<p>Der &#8222;Yangsi&#8220; lebt derzeit in dem von Kyabje Trulshik Rinpoche gegr\u00fcndeten Kloster in Sitapa\u00efla auf den H\u00f6hen von Kathamandu.<\/p>\n<p>&nbsp;<\/p>\n<p>Dort ist er von seiner Familie, seinen Verwandten und den M\u00f6nchen des Klosters umgeben.<\/p>\n<\/div>\n<\/div>\n<div class=\"cc-clear\"><\/div>\n<\/div>\n<div id=\"cc-m-7799363164\" class=\"j-module n j-imageSubtitle \"><\/div>\n<\/div>\n<p>[\/et_pb_text][\/et_pb_column][et_pb_column type=&#8220;3_5&#8243; _builder_version=&#8220;4.7.5&#8243; _module_preset=&#8220;default&#8220; global_colors_info=&#8220;{}&#8220;][et_pb_image src=&#8220;https:\/\/tendrel.ed-com.ch\/wp-content\/uploads\/2021\/04\/Tendrel-Bienne-Do-Nga-Cho\u0308ling-Yangsi-150389496_234100231711764_8206562213705993874_n-1.jpg&#8220; title_text=&#8220;Tendrel Biel &#8211; Do Nga Ch\u00f6ling &#8211; Yangsi &#8211; 150389496_234100231711764_8206562213705993874_n (1)&#8220; _builder_version=&#8220;4.11.1&#8243; _module_preset=&#8220;default&#8220; width=&#8220;84%&#8220; module_alignment=&#8220;center&#8220; custom_margin=&#8220;-154px|||166px|false|false&#8220; custom_margin_tablet=&#8220;0px||||false|false&#8220; custom_margin_phone=&#8220;&#8220; custom_margin_last_edited=&#8220;on|tablet&#8220; custom_padding=&#8220;18px|||||&#8220; hover_enabled=&#8220;0&#8243; border_width_all=&#8220;30px&#8220; border_color_all=&#8220;#ffffff&#8220; border_width_all_tablet=&#8220;&#8220; border_width_all_phone=&#8220;10px&#8220; border_width_all_last_edited=&#8220;on|phone&#8220; locked=&#8220;off&#8220; global_colors_info=&#8220;{}&#8220; sticky_enabled=&#8220;0&#8243;][\/et_pb_image][\/et_pb_column][\/et_pb_row][et_pb_row _builder_version=&#8220;4.11.1&#8243; _module_preset=&#8220;default&#8220;][et_pb_column _builder_version=&#8220;4.11.1&#8243; _module_preset=&#8220;default&#8220; type=&#8220;4_4&#8243;][et_pb_image src=&#8220;https:\/\/tendrel.ed-com.ch\/wp-content\/uploads\/2021\/10\/Tendrel-Bienne-Trulsik-Rinpoche-Yangsi.jpg&#8220; _builder_version=&#8220;4.11.1&#8243; _module_preset=&#8220;default&#8220; title_text=&#8220;Tendrel Bienne &#8211; Trulsik Rinpoche &#8211; Yangsi&#8220; hover_enabled=&#8220;0&#8243; sticky_enabled=&#8220;0&#8243;][\/et_pb_image][et_pb_button button_text=&#8220;Siehe die Fotogalerie&#8220; _builder_version=&#8220;4.11.1&#8243; _module_preset=&#8220;default&#8220; button_alignment=&#8220;center&#8220; button_url=&#8220;@ET-DC@eyJkeW5hbWljIjp0cnVlLCJjb250ZW50IjoicG9zdF9saW5rX3VybF9wYWdlIiwic2V0dGluZ3MiOnsicG9zdF9pZCI6IjI4OTE2In19@&#8220; _dynamic_attributes=&#8220;button_url&#8220; hover_enabled=&#8220;0&#8243; sticky_enabled=&#8220;0&#8243;][\/et_pb_button][\/et_pb_column][\/et_pb_row][\/et_pb_section]<\/p>\n","protected":false},"excerpt":{"rendered":"<p>Yangsi von Kyabje Trulshik Rinpoche Seine Heiligkeit der XIV. Dalai Lama hat an seinem 80. Geburtstag in einem am 25. Juli 2013 geborenen Kind die Reinkarnation von Kyabje Trulshik Rinpoche erkannt. Er gab ihm den Namen &#8222;NGAWANG TENZIN CHOEKYI LODOE RINPOCHE&#8220;. Der &#8222;Yangsi&#8220; lebt derzeit in dem von Kyabje Trulshik Rinpoche gegr\u00fcndeten Kloster in Sitapa\u00efla [&hellip;]<\/p>\n","protected":false},"author":1,"featured_media":0,"parent":29671,"menu_order":0,"comment_status":"closed","ping_status":"closed","template":"","meta":{"_et_pb_use_builder":"on","_et_pb_old_content":"","_et_gb_content_width":"","footnotes":""},"class_list":["post-29687","page","type-page","status-publish","hentry"],"_links":{"self":[{"href":"https:\/\/www.tendrel.ch\/de\/wp-json\/wp\/v2\/pages\/29687","targetHints":{"allow":["GET"]}}],"collection":[{"href":"https:\/\/www.tendrel.ch\/de\/wp-json\/wp\/v2\/pages"}],"about":[{"href":"https:\/\/www.tendrel.ch\/de\/wp-json\/wp\/v2\/types\/page"}],"author":[{"embeddable":true,"href":"https:\/\/www.tendrel.ch\/de\/wp-json\/wp\/v2\/users\/1"}],"replies":[{"embeddable":true,"href":"https:\/\/www.tendrel.ch\/de\/wp-json\/wp\/v2\/comments?post=29687"}],"version-history":[{"count":0,"href":"https:\/\/www.tendrel.ch\/de\/wp-json\/wp\/v2\/pages\/29687\/revisions"}],"up":[{"embeddable":true,"href":"https:\/\/www.tendrel.ch\/de\/wp-json\/wp\/v2\/pages\/29671"}],"wp:attachment":[{"href":"https:\/\/www.tendrel.ch\/de\/wp-json\/wp\/v2\/media?parent=29687"}],"curies":[{"name":"wp","href":"https:\/\/api.w.org\/{rel}","templated":true}]}}